{"id":31095,"date":"2024-02-14T11:02:34","date_gmt":"2024-02-14T11:02:34","guid":{"rendered":"https:\/\/virabv.com\/kontakt\/"},"modified":"2025-03-19T10:46:10","modified_gmt":"2025-03-19T10:46:10","slug":"kontakt","status":"publish","type":"page","link":"https:\/\/virabv.com\/pl\/kontakt\/","title":{"rendered":"Kontakt"},"content":{"rendered":"\t\t<div data-elementor-type=\"wp-page\" data-elementor-id=\"31095\" class=\"elementor elementor-31095 elementor-15257\" data-elementor-post-type=\"page\">\n\t\t\t\t<div class=\"elementor-element elementor-element-1abe14c6 e-flex e-con-boxed e-con e-parent\" data-id=\"1abe14c6\" data-element_type=\"container\" data-e-type=\"container\" data-settings=\"{&quot;background_background&quot;:&quot;classic&quot;}\">\n\t\t\t\t\t<div class=\"e-con-inner\">\n\t\t\t\t<div class=\"elementor-element elementor-element-7499c355 elementor-widget elementor-widget-heading\" data-id=\"7499c355\" data-element_type=\"widget\" data-e-type=\"widget\" data-widget_type=\"heading.default\">\n\t\t\t\t\t<h2 class=\"elementor-heading-title elementor-size-default\">Kontakt<\/h2>\t\t\t\t<\/div>\n\t\t\t\t\t<\/div>\n\t\t\t\t<\/div>\n\t\t<div class=\"elementor-element elementor-element-73c2615c elementor-hidden-tablet elementor-hidden-mobile e-flex e-con-boxed e-con e-parent\" data-id=\"73c2615c\" data-element_type=\"container\" data-e-type=\"container\" data-settings=\"{&quot;background_background&quot;:&quot;classic&quot;}\">\n\t\t\t\t\t<div class=\"e-con-inner\">\n\t\t\t\t<div class=\"elementor-element elementor-element-7cd5176a elementor-icon-list--layout-inline elementor-align-center elementor-list-item-link-full_width elementor-widget elementor-widget-icon-list\" data-id=\"7cd5176a\" data-element_type=\"widget\" data-e-type=\"widget\" data-widget_type=\"icon-list.default\">\n\t\t\t\t\t\t\t<ul class=\"elementor-icon-list-items elementor-inline-items\">\n\t\t\t\t\t\t\t<li class=\"elementor-icon-list-item elementor-inline-item\">\n\t\t\t\t\t\t\t\t\t\t\t<span class=\"elementor-icon-list-icon\">\n\t\t\t\t\t\t\t<svg aria-hidden=\"true\" class=\"e-font-icon-svg e-fas-check-square\" viewBox=\"0 0 448 512\" xmlns=\"http:\/\/www.w3.org\/2000\/svg\"><path d=\"M400 480H48c-26.51 0-48-21.49-48-48V80c0-26.51 21.49-48 48-48h352c26.51 0 48 21.49 48 48v352c0 26.51-21.49 48-48 48zm-204.686-98.059l184-184c6.248-6.248 6.248-16.379 0-22.627l-22.627-22.627c-6.248-6.248-16.379-6.249-22.628 0L184 302.745l-70.059-70.059c-6.248-6.248-16.379-6.248-22.628 0l-22.627 22.627c-6.248 6.248-6.248 16.379 0 22.627l104 104c6.249 6.25 16.379 6.25 22.628.001z\"><\/path><\/svg>\t\t\t\t\t\t<\/span>\n\t\t\t\t\t\t\t\t\t\t<span class=\"elementor-icon-list-text\">Przydzia\u0142 projekt\u00f3w dla dealer\u00f3w<\/span>\n\t\t\t\t\t\t\t\t\t<\/li>\n\t\t\t\t\t\t\t\t<li class=\"elementor-icon-list-item elementor-inline-item\">\n\t\t\t\t\t\t\t\t\t\t\t<span class=\"elementor-icon-list-icon\">\n\t\t\t\t\t\t\t<svg aria-hidden=\"true\" class=\"e-font-icon-svg e-fas-check-square\" viewBox=\"0 0 448 512\" xmlns=\"http:\/\/www.w3.org\/2000\/svg\"><path d=\"M400 480H48c-26.51 0-48-21.49-48-48V80c0-26.51 21.49-48 48-48h352c26.51 0 48 21.49 48 48v352c0 26.51-21.49 48-48 48zm-204.686-98.059l184-184c6.248-6.248 6.248-16.379 0-22.627l-22.627-22.627c-6.248-6.248-16.379-6.249-22.628 0L184 302.745l-70.059-70.059c-6.248-6.248-16.379-6.248-22.628 0l-22.627 22.627c-6.248 6.248-6.248 16.379 0 22.627l104 104c6.249 6.25 16.379 6.25 22.628.001z\"><\/path><\/svg>\t\t\t\t\t\t<\/span>\n\t\t\t\t\t\t\t\t\t\t<span class=\"elementor-icon-list-text\">W 100% skoncentrowany na B2B<\/span>\n\t\t\t\t\t\t\t\t\t<\/li>\n\t\t\t\t\t\t\t\t<li class=\"elementor-icon-list-item elementor-inline-item\">\n\t\t\t\t\t\t\t\t\t\t\t<span class=\"elementor-icon-list-icon\">\n\t\t\t\t\t\t\t<svg aria-hidden=\"true\" class=\"e-font-icon-svg e-fas-check-square\" viewBox=\"0 0 448 512\" xmlns=\"http:\/\/www.w3.org\/2000\/svg\"><path d=\"M400 480H48c-26.51 0-48-21.49-48-48V80c0-26.51 21.49-48 48-48h352c26.51 0 48 21.49 48 48v352c0 26.51-21.49 48-48 48zm-204.686-98.059l184-184c6.248-6.248 6.248-16.379 0-22.627l-22.627-22.627c-6.248-6.248-16.379-6.249-22.628 0L184 302.745l-70.059-70.059c-6.248-6.248-16.379-6.248-22.628 0l-22.627 22.627c-6.248 6.248-6.248 16.379 0 22.627l104 104c6.249 6.25 16.379 6.25 22.628.001z\"><\/path><\/svg>\t\t\t\t\t\t<\/span>\n\t\t\t\t\t\t\t\t\t\t<span class=\"elementor-icon-list-text\">Elastyczne rozwi\u0105zania<\/span>\n\t\t\t\t\t\t\t\t\t<\/li>\n\t\t\t\t\t\t\t\t<li class=\"elementor-icon-list-item elementor-inline-item\">\n\t\t\t\t\t\t\t\t\t\t\t<span class=\"elementor-icon-list-icon\">\n\t\t\t\t\t\t\t<svg aria-hidden=\"true\" class=\"e-font-icon-svg e-fas-check-square\" viewBox=\"0 0 448 512\" xmlns=\"http:\/\/www.w3.org\/2000\/svg\"><path d=\"M400 480H48c-26.51 0-48-21.49-48-48V80c0-26.51 21.49-48 48-48h352c26.51 0 48 21.49 48 48v352c0 26.51-21.49 48-48 48zm-204.686-98.059l184-184c6.248-6.248 6.248-16.379 0-22.627l-22.627-22.627c-6.248-6.248-16.379-6.249-22.628 0L184 302.745l-70.059-70.059c-6.248-6.248-16.379-6.248-22.628 0l-22.627 22.627c-6.248 6.248-6.248 16.379 0 22.627l104 104c6.249 6.25 16.379 6.25 22.628.001z\"><\/path><\/svg>\t\t\t\t\t\t<\/span>\n\t\t\t\t\t\t\t\t\t\t<span class=\"elementor-icon-list-text\">Osobisty coaching<\/span>\n\t\t\t\t\t\t\t\t\t<\/li>\n\t\t\t\t\t\t\t\t<li class=\"elementor-icon-list-item elementor-inline-item\">\n\t\t\t\t\t\t\t\t\t\t\t<span class=\"elementor-icon-list-icon\">\n\t\t\t\t\t\t\t<svg aria-hidden=\"true\" class=\"e-font-icon-svg e-fas-check-square\" viewBox=\"0 0 448 512\" xmlns=\"http:\/\/www.w3.org\/2000\/svg\"><path d=\"M400 480H48c-26.51 0-48-21.49-48-48V80c0-26.51 21.49-48 48-48h352c26.51 0 48 21.49 48 48v352c0 26.51-21.49 48-48 48zm-204.686-98.059l184-184c6.248-6.248 6.248-16.379 0-22.627l-22.627-22.627c-6.248-6.248-16.379-6.249-22.628 0L184 302.745l-70.059-70.059c-6.248-6.248-16.379-6.248-22.628 0l-22.627 22.627c-6.248 6.248-6.248 16.379 0 22.627l104 104c6.249 6.25 16.379 6.25 22.628.001z\"><\/path><\/svg>\t\t\t\t\t\t<\/span>\n\t\t\t\t\t\t\t\t\t\t<span class=\"elementor-icon-list-text\">Produkty Whitelabel<\/span>\n\t\t\t\t\t\t\t\t\t<\/li>\n\t\t\t\t\t\t<\/ul>\n\t\t\t\t\t\t<\/div>\n\t\t\t\t\t<\/div>\n\t\t\t\t<\/div>\n\t\t<div class=\"elementor-element elementor-element-d5ee4cf e-flex e-con-boxed e-con e-parent\" data-id=\"d5ee4cf\" data-element_type=\"container\" data-e-type=\"container\">\n\t\t\t\t\t<div class=\"e-con-inner\">\n\t\t<div class=\"elementor-element elementor-element-a984392 e-con-full e-flex e-con e-child\" data-id=\"a984392\" data-element_type=\"container\" data-e-type=\"container\">\n\t\t\t\t<\/div>\n\t\t<div class=\"elementor-element elementor-element-e3391f3 e-con-full e-flex e-con e-child\" data-id=\"e3391f3\" data-element_type=\"container\" data-e-type=\"container\">\n\t\t<div class=\"elementor-element elementor-element-b43316e e-con-full gsap-move down-60  start-51 e-flex e-con e-child\" data-id=\"b43316e\" data-element_type=\"container\" data-e-type=\"container\" data-settings=\"{&quot;background_background&quot;:&quot;classic&quot;}\">\n\t\t\t\t<div class=\"elementor-element elementor-element-d4563ba elementor-widget elementor-widget-heading\" data-id=\"d4563ba\" data-element_type=\"widget\" data-e-type=\"widget\" data-widget_type=\"heading.default\">\n\t\t\t\t\t<h2 class=\"elementor-heading-title elementor-size-default\">Siedziba g\u0142\u00f3wna<\/h2>\t\t\t\t<\/div>\n\t\t\t\t<div class=\"elementor-element elementor-element-87d99f9 elementor-widget elementor-widget-text-editor\" data-id=\"87d99f9\" data-element_type=\"widget\" data-e-type=\"widget\" data-widget_type=\"text-editor.default\">\n\t\t\t\t\t\t\t\t\t<p>Od poniedzia\u0142ku do soboty od 08:00 do 17:00<\/p>\t\t\t\t\t\t\t\t<\/div>\n\t\t\t\t<div class=\"elementor-element elementor-element-af0738e elementor-icon-list--layout-traditional elementor-list-item-link-full_width elementor-widget elementor-widget-icon-list\" data-id=\"af0738e\" data-element_type=\"widget\" data-e-type=\"widget\" data-widget_type=\"icon-list.default\">\n\t\t\t\t\t\t\t<ul class=\"elementor-icon-list-items\">\n\t\t\t\t\t\t\t<li class=\"elementor-icon-list-item\">\n\t\t\t\t\t\t\t\t\t\t\t<a href=\"tel:+31%20(0)85%20400%2000%2012\">\n\n\t\t\t\t\t\t\t\t\t\t\t\t<span class=\"elementor-icon-list-icon\">\n\t\t\t\t\t\t\t<svg xmlns=\"http:\/\/www.w3.org\/2000\/svg\" id=\"Layer_1\" data-name=\"Layer 1\" viewBox=\"0 0 24 24\" width=\"512\" height=\"512\"><path d=\"M17.5,24C9.351,24.229-5.075,9.787,1.862,1.938,1.887,1.914,2.954.984,2.954.984a3.583,3.583,0,0,1,4.908.041l2.152,2.318a3.522,3.522,0,0,1-.039,4.91l-.388.394a11.6,11.6,0,0,0,5.754,5.778l.411-.4a3.585,3.585,0,0,1,4.945,0L22.934,16.1a3.515,3.515,0,0,1,.082,4.946s-.93,1.066-.954,1.091A6.39,6.39,0,0,1,17.5,24ZM3.95,4.1C-.909,10.118,14.644,24.773,19.905,20.05c0,0,.924-1.059.949-1.083a.5.5,0,0,0,0-.707l-2.238-2.074c-.3-.25-.469-.253-.747-.04l-1.136,1.118a1.5,1.5,0,0,1-1.587.332A14.852,14.852,0,0,1,6.414,8.877a1.5,1.5,0,0,1,.323-1.61L7.845,6.141a.485.485,0,0,0,.009-.717L5.7,3.106a.487.487,0,0,0-.667.04C5.009,3.171,3.95,4.1,3.95,4.1ZM16.808,15.086h0ZM24,9.5A9.511,9.511,0,0,0,14.5,0a1.5,1.5,0,0,0,0,3A6.508,6.508,0,0,1,21,9.5a1.5,1.5,0,0,0,3,0Zm-5,0A4.505,4.505,0,0,0,14.5,5a1.5,1.5,0,0,0,0,3A1.5,1.5,0,0,1,16,9.5a1.5,1.5,0,0,0,3,0Z\"><\/path><\/svg>\t\t\t\t\t\t<\/span>\n\t\t\t\t\t\t\t\t\t\t<span class=\"elementor-icon-list-text\">+31 (0)85 400 00 12<\/span>\n\t\t\t\t\t\t\t\t\t\t\t<\/a>\n\t\t\t\t\t\t\t\t\t<\/li>\n\t\t\t\t\t\t\t\t<li class=\"elementor-icon-list-item\">\n\t\t\t\t\t\t\t\t\t\t\t<a href=\"tel:+49%20170%201984%20050\">\n\n\t\t\t\t\t\t\t\t\t\t\t\t<span class=\"elementor-icon-list-icon\">\n\t\t\t\t\t\t\t<svg xmlns=\"http:\/\/www.w3.org\/2000\/svg\" id=\"Layer_1\" data-name=\"Layer 1\" viewBox=\"0 0 24 24\" width=\"512\" height=\"512\"><path d=\"M17.5,24C9.351,24.229-5.075,9.787,1.862,1.938,1.887,1.914,2.954.984,2.954.984a3.583,3.583,0,0,1,4.908.041l2.152,2.318a3.522,3.522,0,0,1-.039,4.91l-.388.394a11.6,11.6,0,0,0,5.754,5.778l.411-.4a3.585,3.585,0,0,1,4.945,0L22.934,16.1a3.515,3.515,0,0,1,.082,4.946s-.93,1.066-.954,1.091A6.39,6.39,0,0,1,17.5,24ZM3.95,4.1C-.909,10.118,14.644,24.773,19.905,20.05c0,0,.924-1.059.949-1.083a.5.5,0,0,0,0-.707l-2.238-2.074c-.3-.25-.469-.253-.747-.04l-1.136,1.118a1.5,1.5,0,0,1-1.587.332A14.852,14.852,0,0,1,6.414,8.877a1.5,1.5,0,0,1,.323-1.61L7.845,6.141a.485.485,0,0,0,.009-.717L5.7,3.106a.487.487,0,0,0-.667.04C5.009,3.171,3.95,4.1,3.95,4.1ZM16.808,15.086h0ZM24,9.5A9.511,9.511,0,0,0,14.5,0a1.5,1.5,0,0,0,0,3A6.508,6.508,0,0,1,21,9.5a1.5,1.5,0,0,0,3,0Zm-5,0A4.505,4.505,0,0,0,14.5,5a1.5,1.5,0,0,0,0,3A1.5,1.5,0,0,1,16,9.5a1.5,1.5,0,0,0,3,0Z\"><\/path><\/svg>\t\t\t\t\t\t<\/span>\n\t\t\t\t\t\t\t\t\t\t<span class=\"elementor-icon-list-text\">+49 170 1984 050<\/span>\n\t\t\t\t\t\t\t\t\t\t\t<\/a>\n\t\t\t\t\t\t\t\t\t<\/li>\n\t\t\t\t\t\t\t\t<li class=\"elementor-icon-list-item\">\n\t\t\t\t\t\t\t\t\t\t\t<a href=\"mailto:info@virabv.nl\">\n\n\t\t\t\t\t\t\t\t\t\t\t\t<span class=\"elementor-icon-list-icon\">\n\t\t\t\t\t\t\t<svg xmlns=\"http:\/\/www.w3.org\/2000\/svg\" id=\"Bold\" viewBox=\"0 0 24 24\" width=\"512\" height=\"512\"><path d=\"M18.5,1H5.5A5.506,5.506,0,0,0,0,6.5v11A5.506,5.506,0,0,0,5.5,23h13A5.506,5.506,0,0,0,24,17.5V6.5A5.506,5.506,0,0,0,18.5,1Zm0,3a2.476,2.476,0,0,1,1.643.631l-6.5,6.5a2.373,2.373,0,0,1-3.278,0l-6.5-6.5A2.476,2.476,0,0,1,5.5,4Zm0,16H5.5A2.5,2.5,0,0,1,3,17.5V8.017l5.239,5.239a5.317,5.317,0,0,0,7.521,0L21,8.017V17.5A2.5,2.5,0,0,1,18.5,20Z\"><\/path><\/svg>\t\t\t\t\t\t<\/span>\n\t\t\t\t\t\t\t\t\t\t<span class=\"elementor-icon-list-text\">info@virabv.nl<\/span>\n\t\t\t\t\t\t\t\t\t\t\t<\/a>\n\t\t\t\t\t\t\t\t\t<\/li>\n\t\t\t\t\t\t\t\t<li class=\"elementor-icon-list-item\">\n\t\t\t\t\t\t\t\t\t\t\t<span class=\"elementor-icon-list-icon\">\n\t\t\t\t\t\t\t<svg aria-hidden=\"true\" class=\"e-font-icon-svg e-fas-map-pin\" viewBox=\"0 0 288 512\" xmlns=\"http:\/\/www.w3.org\/2000\/svg\"><path d=\"M112 316.94v156.69l22.02 33.02c4.75 7.12 15.22 7.12 19.97 0L176 473.63V316.94c-10.39 1.92-21.06 3.06-32 3.06s-21.61-1.14-32-3.06zM144 0C64.47 0 0 64.47 0 144s64.47 144 144 144 144-64.47 144-144S223.53 0 144 0zm0 76c-37.5 0-68 30.5-68 68 0 6.62-5.38 12-12 12s-12-5.38-12-12c0-50.73 41.28-92 92-92 6.62 0 12 5.38 12 12s-5.38 12-12 12z\"><\/path><\/svg>\t\t\t\t\t\t<\/span>\n\t\t\t\t\t\t\t\t\t\t<span class=\"elementor-icon-list-text\">De Run 5208, <br>5504 DC Veldhoven<\/span>\n\t\t\t\t\t\t\t\t\t<\/li>\n\t\t\t\t\t\t<\/ul>\n\t\t\t\t\t\t<\/div>\n\t\t\t\t<\/div>\n\t\t\t\t<\/div>\n\t\t<div class=\"elementor-element elementor-element-06e49a8 e-con-full e-flex e-con e-child\" data-id=\"06e49a8\" data-element_type=\"container\" data-e-type=\"container\">\n\t\t<div class=\"elementor-element elementor-element-1253a24 e-con-full gsap-move down-60  start-51 e-flex e-con e-child\" data-id=\"1253a24\" data-element_type=\"container\" data-e-type=\"container\" data-settings=\"{&quot;background_background&quot;:&quot;classic&quot;}\">\n\t\t\t\t<div class=\"elementor-element elementor-element-4bf023a elementor-widget elementor-widget-heading\" data-id=\"4bf023a\" data-element_type=\"widget\" data-e-type=\"widget\" data-widget_type=\"heading.default\">\n\t\t\t\t\t<h2 class=\"elementor-heading-title elementor-size-default\">Szk\u0142o i rama<\/h2>\t\t\t\t<\/div>\n\t\t\t\t<div class=\"elementor-element elementor-element-5e4afc0 elementor-widget elementor-widget-text-editor\" data-id=\"5e4afc0\" data-element_type=\"widget\" data-e-type=\"widget\" data-widget_type=\"text-editor.default\">\n\t\t\t\t\t\t\t\t\t<p>Od poniedzia\u0142ku do soboty od 08:00 do 17:00<\/p>\t\t\t\t\t\t\t\t<\/div>\n\t\t\t\t<div class=\"elementor-element elementor-element-feb8576 elementor-icon-list--layout-traditional elementor-list-item-link-full_width elementor-widget elementor-widget-icon-list\" data-id=\"feb8576\" data-element_type=\"widget\" data-e-type=\"widget\" data-widget_type=\"icon-list.default\">\n\t\t\t\t\t\t\t<ul class=\"elementor-icon-list-items\">\n\t\t\t\t\t\t\t<li class=\"elementor-icon-list-item\">\n\t\t\t\t\t\t\t\t\t\t\t<a href=\"tel:+31%20(0)85%20400%2000%2012\">\n\n\t\t\t\t\t\t\t\t\t\t\t\t<span class=\"elementor-icon-list-icon\">\n\t\t\t\t\t\t\t<svg xmlns=\"http:\/\/www.w3.org\/2000\/svg\" id=\"Layer_1\" data-name=\"Layer 1\" viewBox=\"0 0 24 24\" width=\"512\" height=\"512\"><path d=\"M17.5,24C9.351,24.229-5.075,9.787,1.862,1.938,1.887,1.914,2.954.984,2.954.984a3.583,3.583,0,0,1,4.908.041l2.152,2.318a3.522,3.522,0,0,1-.039,4.91l-.388.394a11.6,11.6,0,0,0,5.754,5.778l.411-.4a3.585,3.585,0,0,1,4.945,0L22.934,16.1a3.515,3.515,0,0,1,.082,4.946s-.93,1.066-.954,1.091A6.39,6.39,0,0,1,17.5,24ZM3.95,4.1C-.909,10.118,14.644,24.773,19.905,20.05c0,0,.924-1.059.949-1.083a.5.5,0,0,0,0-.707l-2.238-2.074c-.3-.25-.469-.253-.747-.04l-1.136,1.118a1.5,1.5,0,0,1-1.587.332A14.852,14.852,0,0,1,6.414,8.877a1.5,1.5,0,0,1,.323-1.61L7.845,6.141a.485.485,0,0,0,.009-.717L5.7,3.106a.487.487,0,0,0-.667.04C5.009,3.171,3.95,4.1,3.95,4.1ZM16.808,15.086h0ZM24,9.5A9.511,9.511,0,0,0,14.5,0a1.5,1.5,0,0,0,0,3A6.508,6.508,0,0,1,21,9.5a1.5,1.5,0,0,0,3,0Zm-5,0A4.505,4.505,0,0,0,14.5,5a1.5,1.5,0,0,0,0,3A1.5,1.5,0,0,1,16,9.5a1.5,1.5,0,0,0,3,0Z\"><\/path><\/svg>\t\t\t\t\t\t<\/span>\n\t\t\t\t\t\t\t\t\t\t<span class=\"elementor-icon-list-text\">+31 (0)85 400 00 12<\/span>\n\t\t\t\t\t\t\t\t\t\t\t<\/a>\n\t\t\t\t\t\t\t\t\t<\/li>\n\t\t\t\t\t\t\t\t<li class=\"elementor-icon-list-item\">\n\t\t\t\t\t\t\t\t\t\t\t<a href=\"tel:+49%20170%201984%20050\">\n\n\t\t\t\t\t\t\t\t\t\t\t\t<span class=\"elementor-icon-list-icon\">\n\t\t\t\t\t\t\t<svg xmlns=\"http:\/\/www.w3.org\/2000\/svg\" id=\"Layer_1\" data-name=\"Layer 1\" viewBox=\"0 0 24 24\" width=\"512\" height=\"512\"><path d=\"M17.5,24C9.351,24.229-5.075,9.787,1.862,1.938,1.887,1.914,2.954.984,2.954.984a3.583,3.583,0,0,1,4.908.041l2.152,2.318a3.522,3.522,0,0,1-.039,4.91l-.388.394a11.6,11.6,0,0,0,5.754,5.778l.411-.4a3.585,3.585,0,0,1,4.945,0L22.934,16.1a3.515,3.515,0,0,1,.082,4.946s-.93,1.066-.954,1.091A6.39,6.39,0,0,1,17.5,24ZM3.95,4.1C-.909,10.118,14.644,24.773,19.905,20.05c0,0,.924-1.059.949-1.083a.5.5,0,0,0,0-.707l-2.238-2.074c-.3-.25-.469-.253-.747-.04l-1.136,1.118a1.5,1.5,0,0,1-1.587.332A14.852,14.852,0,0,1,6.414,8.877a1.5,1.5,0,0,1,.323-1.61L7.845,6.141a.485.485,0,0,0,.009-.717L5.7,3.106a.487.487,0,0,0-.667.04C5.009,3.171,3.95,4.1,3.95,4.1ZM16.808,15.086h0ZM24,9.5A9.511,9.511,0,0,0,14.5,0a1.5,1.5,0,0,0,0,3A6.508,6.508,0,0,1,21,9.5a1.5,1.5,0,0,0,3,0Zm-5,0A4.505,4.505,0,0,0,14.5,5a1.5,1.5,0,0,0,0,3A1.5,1.5,0,0,1,16,9.5a1.5,1.5,0,0,0,3,0Z\"><\/path><\/svg>\t\t\t\t\t\t<\/span>\n\t\t\t\t\t\t\t\t\t\t<span class=\"elementor-icon-list-text\">+49 170 1984 050<\/span>\n\t\t\t\t\t\t\t\t\t\t\t<\/a>\n\t\t\t\t\t\t\t\t\t<\/li>\n\t\t\t\t\t\t\t\t<li class=\"elementor-icon-list-item\">\n\t\t\t\t\t\t\t\t\t\t\t<a href=\"mailto:info@virabv.nl\">\n\n\t\t\t\t\t\t\t\t\t\t\t\t<span class=\"elementor-icon-list-icon\">\n\t\t\t\t\t\t\t<svg xmlns=\"http:\/\/www.w3.org\/2000\/svg\" id=\"Bold\" viewBox=\"0 0 24 24\" width=\"512\" height=\"512\"><path d=\"M18.5,1H5.5A5.506,5.506,0,0,0,0,6.5v11A5.506,5.506,0,0,0,5.5,23h13A5.506,5.506,0,0,0,24,17.5V6.5A5.506,5.506,0,0,0,18.5,1Zm0,3a2.476,2.476,0,0,1,1.643.631l-6.5,6.5a2.373,2.373,0,0,1-3.278,0l-6.5-6.5A2.476,2.476,0,0,1,5.5,4Zm0,16H5.5A2.5,2.5,0,0,1,3,17.5V8.017l5.239,5.239a5.317,5.317,0,0,0,7.521,0L21,8.017V17.5A2.5,2.5,0,0,1,18.5,20Z\"><\/path><\/svg>\t\t\t\t\t\t<\/span>\n\t\t\t\t\t\t\t\t\t\t<span class=\"elementor-icon-list-text\">info@virabv.nl<\/span>\n\t\t\t\t\t\t\t\t\t\t\t<\/a>\n\t\t\t\t\t\t\t\t\t<\/li>\n\t\t\t\t\t\t\t\t<li class=\"elementor-icon-list-item\">\n\t\t\t\t\t\t\t\t\t\t\t<span class=\"elementor-icon-list-icon\">\n\t\t\t\t\t\t\t<svg aria-hidden=\"true\" class=\"e-font-icon-svg e-fas-map-pin\" viewBox=\"0 0 288 512\" xmlns=\"http:\/\/www.w3.org\/2000\/svg\"><path d=\"M112 316.94v156.69l22.02 33.02c4.75 7.12 15.22 7.12 19.97 0L176 473.63V316.94c-10.39 1.92-21.06 3.06-32 3.06s-21.61-1.14-32-3.06zM144 0C64.47 0 0 64.47 0 144s64.47 144 144 144 144-64.47 144-144S223.53 0 144 0zm0 76c-37.5 0-68 30.5-68 68 0 6.62-5.38 12-12 12s-12-5.38-12-12c0-50.73 41.28-92 92-92 6.62 0 12 5.38 12 12s-5.38 12-12 12z\"><\/path><\/svg>\t\t\t\t\t\t<\/span>\n\t\t\t\t\t\t\t\t\t\t<span class=\"elementor-icon-list-text\">De Run 4405 - 5208, <br>5503 LS Veldhoven<\/span>\n\t\t\t\t\t\t\t\t\t<\/li>\n\t\t\t\t\t\t<\/ul>\n\t\t\t\t\t\t<\/div>\n\t\t\t\t<\/div>\n\t\t\t\t<\/div>\n\t\t\t\t\t<\/div>\n\t\t\t\t<\/div>\n\t\t<div class=\"elementor-element elementor-element-c3ca9e4 e-con-full e-flex e-con e-parent\" data-id=\"c3ca9e4\" data-element_type=\"container\" data-e-type=\"container\">\n\t\t\t\t<div class=\"elementor-element elementor-element-08273a6 elementor-widget elementor-widget-google_maps\" data-id=\"08273a6\" data-element_type=\"widget\" data-e-type=\"widget\" data-widget_type=\"google_maps.default\">\n\t\t\t\t\t\t\t<div class=\"elementor-custom-embed\">\n\t\t\t<iframe loading=\"lazy\"\n\t\t\t\t\tsrc=\"https:\/\/maps.google.com\/maps?q=De%20run%205208&#038;t=m&#038;z=17&#038;output=embed&#038;iwloc=near\"\n\t\t\t\t\ttitle=\"De run 5208\"\n\t\t\t\t\taria-label=\"De run 5208\"\n\t\t\t><\/iframe>\n\t\t<\/div>\n\t\t\t\t\t\t<\/div>\n\t\t\t\t<\/div>\n\t\t\t\t<\/div>\n\t\t","protected":false},"excerpt":{"rendered":"<p>Kontakt Przydzia\u0142 projekt\u00f3w dla dealer\u00f3w W 100% skoncentrowany na B2B Elastyczne rozwi\u0105zania Osobisty coaching Produkty Whitelabel Siedziba g\u0142\u00f3wna Od poniedzia\u0142ku do soboty od 08:00 do 17:00 +31 (0)85 400 00 12 +49 170 1984 050 info@virabv.nl De Run 5208, 5504 DC Veldhoven Szk\u0142o i rama Od poniedzia\u0142ku do soboty od 08:00 do 17:00 +31 (0)85 [&hellip;]<\/p>\n","protected":false},"author":1,"featured_media":0,"parent":0,"menu_order":0,"comment_status":"closed","ping_status":"open","template":"elementor_header_footer","meta":{"inline_featured_image":false,"footnotes":""},"class_list":["post-31095","page","type-page","status-publish","hentry"],"_links":{"self":[{"href":"https:\/\/virabv.com\/pl\/wp-json\/wp\/v2\/pages\/31095","targetHints":{"allow":["GET"]}}],"collection":[{"href":"https:\/\/virabv.com\/pl\/wp-json\/wp\/v2\/pages"}],"about":[{"href":"https:\/\/virabv.com\/pl\/wp-json\/wp\/v2\/types\/page"}],"author":[{"embeddable":true,"href":"https:\/\/virabv.com\/pl\/wp-json\/wp\/v2\/users\/1"}],"replies":[{"embeddable":true,"href":"https:\/\/virabv.com\/pl\/wp-json\/wp\/v2\/comments?post=31095"}],"version-history":[{"count":0,"href":"https:\/\/virabv.com\/pl\/wp-json\/wp\/v2\/pages\/31095\/revisions"}],"wp:attachment":[{"href":"https:\/\/virabv.com\/pl\/wp-json\/wp\/v2\/media?parent=31095"}],"curies":[{"name":"wp","href":"https:\/\/api.w.org\/{rel}","templated":true}]}}